{"id":18468,"date":"2019-08-06T04:13:34","date_gmt":"2019-08-06T04:13:34","guid":{"rendered":"http:\/\/dev.kodesolution.work\/personal\/j\/industryee\/demo\/?page_id=18468"},"modified":"2022-06-14T23:26:47","modified_gmt":"2022-06-14T20:26:47","slug":"about-us-5","status":"publish","type":"page","link":"https:\/\/han-yapi.com\/index.php\/about-us-5\/","title":{"rendered":"Hakk\u0131m\u0131zda"},"content":{"rendered":"<p>[vc_row full_width=&#8221;stretch_row&#8221; equal_height=&#8221;yes&#8221; content_placement=&#8221;middle&#8221; enable_overlay=&#8221;enable_overlay_value&#8221; overlay_color=&#8221;rgba(255,255,255,0.66)&#8221; el_class=&#8221;overflow-visible&#8221; paroller_image=&#8221;&#8221; css=&#8221;.vc_custom_1570936811897{padding-top: 90px !important;}&#8221;][vc_column css=&#8221;.vc_custom_1568460870254{padding-top: 0px !important;}&#8221; offset=&#8221;vc_col-lg-6 vc_col-md-12&#8243; el_class=&#8221;mb-lg-60&#8243;][vc_single_image image=&#8221;20&#8243; img_size=&#8221;full&#8221;][\/vc_column][vc_column css=&#8221;.vc_custom_1568011780545{padding-top: 0px !important;}&#8221; offset=&#8221;vc_col-lg-6 vc_col-md-12&#8243;][vc_custom_heading text=&#8221;Han Yap\u0131&#8221; font_container=&#8221;tag:h4|text_align:left&#8221; use_theme_fonts=&#8221;yes&#8221; el_class=&#8221;text-theme-colored1&#8243;][vc_custom_heading text=&#8221;Hakk\u0131m\u0131zda&#8221; use_theme_fonts=&#8221;yes&#8221;][vc_column_text]<\/p>\n<p style=\"font-weight: 400;\"><strong>SEFER\u0130H\u0130SAR\u2019DA YA\u015eAM YEN\u0130DEN \u015eEK\u0130LLEN\u0130YOR<\/strong><\/p>\n<p style=\"font-weight: 400;\">Farkl\u0131 ve Yenilik\u00e7i mimarisi ile yepyeni bir ya\u015fama merhaba diyece\u011finiz yeni bir hayata haz\u0131r m\u0131s\u0131n\u0131z ?<\/p>\n<p>[\/vc_column_text][vc_column_text]<\/p>\n<p style=\"font-weight: 400;\">Seferihisar da ya\u015fam\u0131n en yeni adresi Hisar Palmiye Villalar\u0131, \u015fehrin i\u00e7inde ve bir o kadar da kaostan uzak, modern bir ka\u00e7\u0131\u015f deneyimi sunuyor.\u200b<\/p>\n<p>[\/vc_column_text][\/vc_column][\/vc_row][vc_row full_width=&#8221;stretch_row&#8221; css_animation=&#8221;none&#8221; paroller_image=&#8221;&#8221; el_class=&#8221;bg-silver-light&#8221;][vc_column css=&#8221;.vc_custom_1533360398048{padding-top: 0px !important;}&#8221;][vc_column_text]<\/p>\n<p style=\"font-weight: 400;\">B\u00f6lgenin yeni g\u00f6zdesinde\u00a0\u00a0 konumland\u0131r\u0131lan Hisar Palmiye Villalar\u0131, Seferihisar merkeze yak\u0131n, do\u011fa i\u00e7inde konforlu bir d\u00f6rt mevsim konaklama imkan\u0131 sa\u011fl\u0131yor. Projede yer alan , her eve ait iki\u015fer ara\u00e7l\u0131k otopark alanlar\u0131yla ister y\u00fcr\u00fcyerek ister \u00f6zel arac\u0131n\u0131zla en yak\u0131n \u00e7ar\u015f\u0131ya olduk\u00e7a kolay bir ula\u015f\u0131m sunuyor. Yerden \u0131s\u0131tma sistemi, merkezi iklimlendirme sistemi, artezyen, geni\u015f teras ve \u00f6zel bah\u00e7e imkanlar\u0131yla titizlikle planlanm\u0131\u015f, 4 mevsim ya\u015fam\u00a0anlay\u0131\u015f\u0131na yepyeni bir bak\u0131\u015f a\u00e7\u0131s\u0131 getirerek \u00e7ok yak\u0131nda sizlerle bulu\u015fuyor.<\/p>\n<p style=\"font-weight: 400;\">Arazi i\u00e7inde bulunan zeytin, defne ve me\u015fe a\u011fa\u00e7lar\u0131 aras\u0131nda 17 adet tam m\u00fcstakil, geni\u015f bah\u00e7eli, villalardan olu\u015fan Hisar Palmiye Villalar\u0131 , \u00f6zg\u00fcrce an\u0131n tad\u0131n\u0131 \u00e7\u0131karman\u0131z i\u00e7in tasarland\u0131.<\/p>\n<p style=\"font-weight: 400;\">Ger\u00e7ek d\u00f6rt mevsimin, temiz havan\u0131n, do\u011fan\u0131n ve Seferihisar\u0131n \u00a0tad\u0131n\u0131 \u00a0Hisar Palmiye Villalar\u0131 nda \u00e7\u0131kar\u0131n.<\/p>\n<p style=\"font-weight: 400;\">Y\u00fcklenici Firma : HAN YAPI T\u0130C LTD \u015eT\u0130<\/p>\n<p>[\/vc_column_text][\/vc_column][\/vc_row][vc_row full_width=&#8221;stretch_row&#8221; css=&#8221;.vc_custom_1572371445160{padding-top: 90px !important;padding-bottom: 70px !important;}&#8221; paroller_image=&#8221;&#8221;][vc_column css=&#8221;.vc_custom_1552847049779{padding-top: 0px !important;}&#8221;][vc_row_inner][vc_column_inner width=&#8221;1\/4&#8243;]\n\t<div class=\"tm-sc tm-sc-funfact funfact text-center \">\n\t\t\t\t<div class=\"funfact-icon funfact-thumb\">\n<img decoding=\"async\" src=\"https:\/\/han-yapi.com\/wp-content\/uploads\/2022\/05\/SITE-USTTEN-ACILI-GORUNTU.jpg\" alt=\"Image\">\n<\/div>\t\t\t\t\n\t\t\t\t<h2 class=\"counter \" >\n\t<span class=\"animate-number\" data-value=\"17\" data-animation-duration=\"1500\">0<\/span><\/h2>\n\t\t\t\t\n\t\t\t\t<h4 class=\"title \" >M\u00fcstakil Villa<\/h4>\t\t\t\t\n\t\t\t\t\n\t\t<div class=\"funfact-content\">\n\t\t\t\t\t<\/div>\t\t\t<\/div>[\/vc_column_inner][vc_column_inner width=&#8221;1\/4&#8243;]\n\t<div class=\"tm-sc tm-sc-funfact funfact text-center \">\n\t\t\t\t<div class=\"funfact-icon funfact-thumb\">\n<img decoding=\"async\" src=\"https:\/\/han-yapi.com\/wp-content\/uploads\/2022\/05\/VILLA-ARKA-YAN-2.jpg\" alt=\"Image\">\n<\/div>\t\t\t\t\n\t\t\t\t<h2 class=\"counter \" >\n\t<span class=\"animate-number\" data-value=\"2\" data-animation-duration=\"1500\">0<\/span><\/h2>\n\t\t\t\t\n\t\t\t\t<h4 class=\"title \" >Ara\u00e7l\u0131k Otopark<\/h4>\t\t\t\t\n\t\t\t\t\n\t\t<div class=\"funfact-content\">\n\t\t\t\t\t<\/div>\t\t\t<\/div>[\/vc_column_inner][vc_column_inner width=&#8221;1\/4&#8243;]\n\t<div class=\"tm-sc tm-sc-funfact funfact text-center \">\n\t\t\t\t<div class=\"funfact-icon funfact-thumb\">\n<img decoding=\"async\" src=\"https:\/\/han-yapi.com\/wp-content\/uploads\/2022\/05\/HAVUZ-USTTEN-VILLALAR-ILE-BERABER.jpg\" alt=\"Image\">\n<\/div>\t\t\t\t\n\t\t\t\t<h2 class=\"counter \" >\n\t<span class=\"animate-number\" data-value=\"2\" data-animation-duration=\"1500\">0<\/span><\/h2>\n\t\t\t\t\n\t\t\t\t<h4 class=\"title \" >A\u00e7\u0131k Havuz<\/h4>\t\t\t\t\n\t\t\t\t\n\t\t<div class=\"funfact-content\">\n\t\t\t\t\t<\/div>\t\t\t<\/div>[\/vc_column_inner][vc_column_inner width=&#8221;1\/4&#8243;]\n\t<div class=\"tm-sc tm-sc-funfact funfact text-center \">\n\t\t\t\t<div class=\"funfact-icon funfact-thumb\">\n<img decoding=\"async\" src=\"https:\/\/han-yapi.com\/wp-content\/uploads\/2022\/05\/TRIPLEX-ON-ACI.jpg\" alt=\"Image\">\n<\/div>\t\t\t\t\n\t\t\t\t<h2 class=\"counter \" >\n\t<span class=\"animate-number\" data-value=\"4\" data-animation-duration=\"1500\">0<\/span><\/h2>\n\t\t\t\t\n\t\t\t\t<h4 class=\"title \" >Mevsim Tatil<\/h4>\t\t\t\t\n\t\t\t\t\n\t\t<div class=\"funfact-content\">\n\t\t\t\t\t<\/div>\t\t\t<\/div>[\/vc_column_inner][\/vc_row_inner][\/vc_column][\/vc_row]<\/p>\n","protected":false},"excerpt":{"rendered":"<p>[vc_row full_width=&#8221;stretch_row&#8221; equal_height=&#8221;yes&#8221; content_placement=&#8221;middle&#8221; enable_overlay=&#8221;enable_overlay_value&#8221; overlay_color=&#8221;rgba(255,255,255,0.66)&#8221; el_class=&#8221;overflow-visible&#8221; paroller_image=&#8221;&#8221; css=&#8221;.vc_custom_1570936811897{padding-top: 90px !important;}&#8221;][vc_column css=&#8221;.vc_custom_1568460870254{padding-top: 0px !important;}&#8221; offset=&#8221;vc_col-lg-6 vc_col-md-12&#8243; el_class=&#8221;mb-lg-60&#8243;][vc_single_image image=&#8221;20&#8243; img_size=&#8221;full&#8221;][\/vc_column][vc_column css=&#8221;.vc_custom_1568011780545{padding-top:&#8230;<\/p>\n","protected":false},"author":1,"featured_media":0,"parent":0,"menu_order":0,"comment_status":"closed","ping_status":"closed","template":"","meta":{"_monsterinsights_skip_tracking":false,"_monsterinsights_sitenote_active":false,"_monsterinsights_sitenote_note":"","_monsterinsights_sitenote_category":0,"footnotes":""},"class_list":["post-18468","page","type-page","status-publish","hentry"],"_links":{"self":[{"href":"https:\/\/han-yapi.com\/index.php\/wp-json\/wp\/v2\/pages\/18468","targetHints":{"allow":["GET"]}}],"collection":[{"href":"https:\/\/han-yapi.com\/index.php\/wp-json\/wp\/v2\/pages"}],"about":[{"href":"https:\/\/han-yapi.com\/index.php\/wp-json\/wp\/v2\/types\/page"}],"author":[{"embeddable":true,"href":"https:\/\/han-yapi.com\/index.php\/wp-json\/wp\/v2\/users\/1"}],"replies":[{"embeddable":true,"href":"https:\/\/han-yapi.com\/index.php\/wp-json\/wp\/v2\/comments?post=18468"}],"version-history":[{"count":15,"href":"https:\/\/han-yapi.com\/index.php\/wp-json\/wp\/v2\/pages\/18468\/revisions"}],"predecessor-version":[{"id":21946,"href":"https:\/\/han-yapi.com\/index.php\/wp-json\/wp\/v2\/pages\/18468\/revisions\/21946"}],"wp:attachment":[{"href":"https:\/\/han-yapi.com\/index.php\/wp-json\/wp\/v2\/media?parent=18468"}],"curies":[{"name":"wp","href":"https:\/\/api.w.org\/{rel}","templated":true}]}}