{"id":490,"date":"2019-07-06T14:26:35","date_gmt":"2019-07-06T14:26:35","guid":{"rendered":"http:\/\/dev.kodesolution.work\/personal\/j\/industryee\/demo\/?page_id=490"},"modified":"2022-06-14T23:04:15","modified_gmt":"2022-06-14T20:04:15","slug":"iletisim","status":"publish","type":"page","link":"https:\/\/han-yapi.com\/index.php\/iletisim\/","title":{"rendered":"\u0130leti\u015fim"},"content":{"rendered":"<p>[vc_row full_width=&#8221;stretch_row&#8221; add_bg_overlay=&#8221;yes&#8221; bg_overlay_color=&#8221;theme-colored1&#8243; bg_overlay_color_opacity=&#8221;5&#8243; bg_type=&#8221;image&#8221; parallax_style=&#8221;vcpb-default&#8221; bg_image_new=&#8221;id^20533|url^http:\/\/wp.kodesolution.live\/corporate\/business\/renovat\/demo\/wp-content\/uploads\/sites\/5\/2019\/09\/side-bg1.jpg|caption^null|alt^null|title^side-bg1|description^null&#8221; enable_overlay=&#8221;enable_overlay_value&#8221; overlay_color=&#8221;rgba(255,255,255,0.96)&#8221; paroller_image=&#8221;&#8221;][vc_column css=&#8221;.vc_custom_1552847049779{padding-top: 0px !important;}&#8221;][vc_row_inner el_class=&#8221;p-50 pt-70 pb-70 p-sm-20 pt-sm-40 pb-sm-40 box-shadow-50&#8243; css=&#8221;.vc_custom_1570735617126{background-color: #ffffff !important;}&#8221;][vc_column_inner el_class=&#8221;mb-sm-60&#8243; width=&#8221;1\/2&#8243; css=&#8221;.vc_custom_1570735731710{padding-top: 0px !important;}&#8221;][vc_column_text css=&#8221;.vc_custom_1655164572899{margin-bottom: 20px !important;}&#8221;]<\/p>\n<h3>\u0130leti\u015fim <span class=\"text-theme-colored1\">Formu<\/span><\/h3>\n<p>[\/vc_column_text][vc_column_text]Projeler hakk\u0131nda detayl\u0131 bilgi i\u00e7in l\u00fctfen ileti\u015fime ge\u00e7iniz.[\/vc_column_text][vc_custom_heading text=&#8221;Email&#8221; font_container=&#8221;tag:h5|text_align:left&#8221; use_theme_fonts=&#8221;yes&#8221; el_class=&#8221;font-weight-800&#8243;][vc_custom_heading text=&#8221;info@han-yapi.com&#8221; font_container=&#8221;tag:h4|font_size:18px|text_align:left&#8221; use_theme_fonts=&#8221;yes&#8221; el_class=&#8221;text-gray-darkgray font-weight-500&#8243;][vc_empty_space height=&#8221;12px&#8221;][vc_custom_heading text=&#8221;Tel&#8221; font_container=&#8221;tag:h5|text_align:left&#8221; use_theme_fonts=&#8221;yes&#8221; el_class=&#8221;font-weight-800&#8243;][vc_custom_heading text=&#8221;0216 455 0 123&#8243; font_container=&#8221;tag:h4|font_size:18px|text_align:left&#8221; use_theme_fonts=&#8221;yes&#8221; el_class=&#8221;text-gray-darkgray font-weight-500&#8243;][vc_empty_space height=&#8221;12px&#8221;][vc_custom_heading text=&#8221;Adres&#8221; font_container=&#8221;tag:h5|text_align:left&#8221; use_theme_fonts=&#8221;yes&#8221; el_class=&#8221;font-weight-800&#8243;][vc_custom_heading text=&#8221;\u00c7olak \u0130brahim Mahallesi Seferihisar \/ \u0130zmir&#8221; font_container=&#8221;tag:h4|font_size:18px|text_align:left&#8221; use_theme_fonts=&#8221;yes&#8221; el_class=&#8221;text-gray-darkgray font-weight-500&#8243;][\/vc_column_inner][vc_column_inner width=&#8221;1\/2&#8243; css=&#8221;.vc_custom_1570735204628{padding-top: 0px !important;}&#8221;]<div role=\"form\" class=\"wpcf7\" id=\"wpcf7-f20639-o1\" lang=\"en-US\" dir=\"ltr\">\n<div class=\"screen-reader-response\"><p role=\"status\" aria-live=\"polite\" aria-atomic=\"true\"><\/p> <ul><\/ul><\/div>\n<form action=\"\/index.php\/wp-json\/wp\/v2\/pages\/490#wpcf7-f20639-o1\" method=\"post\" class=\"wpcf7-form init\" novalidate=\"novalidate\" data-status=\"init\">\n<div style=\"display: none;\">\n<input type=\"hidden\" name=\"_wpcf7\" value=\"20639\" \/>\n<input type=\"hidden\" name=\"_wpcf7_version\" value=\"5.5.6.1\" \/>\n<input type=\"hidden\" name=\"_wpcf7_locale\" value=\"en_US\" \/>\n<input type=\"hidden\" name=\"_wpcf7_unit_tag\" value=\"wpcf7-f20639-o1\" \/>\n<input type=\"hidden\" name=\"_wpcf7_container_post\" value=\"0\" \/>\n<input type=\"hidden\" name=\"_wpcf7_posted_data_hash\" value=\"\" \/>\n<\/div>\n<div class=\"tm-contact-form-transparent pr-0\">\n<div class=\"row\">\n<div class=\"col-md-6\">\n\t    <span class=\"wpcf7-form-control-wrap your-name\"><input type=\"text\" name=\"your-name\" value=\"\" size=\"40\" class=\"wpcf7-form-control wpcf7-text wpcf7-validates-as-required\" aria-required=\"true\" aria-invalid=\"false\" placeholder=\"Name*\" \/><\/span>\n\t<\/div>\n<div class=\"col-md-6\">\n\t    <span class=\"wpcf7-form-control-wrap your-email\"><input type=\"email\" name=\"your-email\" value=\"\" size=\"40\" class=\"wpcf7-form-control wpcf7-text wpcf7-email wpcf7-validates-as-required wpcf7-validates-as-email\" aria-required=\"true\" aria-invalid=\"false\" placeholder=\"Email*\" \/><\/span>\n\t<\/div>\n<div class=\"col-md-6\">\n\t    <span class=\"wpcf7-form-control-wrap your-phone\"><input type=\"text\" name=\"your-phone\" value=\"\" size=\"40\" class=\"wpcf7-form-control wpcf7-text wpcf7-validates-as-required\" aria-required=\"true\" aria-invalid=\"false\" placeholder=\"Phone*\" \/><\/span>\n\t<\/div>\n<div class=\"col-md-6\">\n\t    <span class=\"wpcf7-form-control-wrap your-subject\"><input type=\"text\" name=\"your-subject\" value=\"\" size=\"40\" class=\"wpcf7-form-control wpcf7-text\" aria-invalid=\"false\" placeholder=\"Subject\" \/><\/span>\n\t<\/div>\n<div class=\"col-md-12\">\n            <span class=\"wpcf7-form-control-wrap textarea\"><textarea name=\"textarea\" cols=\"40\" rows=\"3\" class=\"wpcf7-form-control wpcf7-textarea wpcf7-validates-as-required\" aria-required=\"true\" aria-invalid=\"false\" placeholder=\"Message*\"><\/textarea><\/span>\n\t<\/div>\n<div class=\"col-md-12\">\n\t\t<input type=\"submit\" value=\"Submit Now\" class=\"wpcf7-form-control has-spinner wpcf7-submit btn btn-theme-colored1 btn-round\" \/>\n\t<\/div>\n<\/div>\n<\/div>\n<div class=\"wpcf7-response-output\" aria-hidden=\"true\"><\/div><\/form><\/div>[\/vc_column_inner][\/vc_row_inner][\/vc_column][\/vc_row][vc_row full_width=&#8221;stretch_row_content_no_spaces&#8221; css=&#8221;.vc_custom_1622443814094{margin-top: 0px !important;margin-bottom: 0px !important;padding-top: 0px !important;padding-bottom: 0px !important;}&#8221; paroller_image=&#8221;&#8221;][vc_column css=&#8221;.vc_custom_1622443800467{padding-top: 0px !important;padding-bottom: 0px !important;}&#8221;][vc_raw_html css=&#8221;.vc_custom_1655237051459{margin-top: 0px !important;margin-bottom: 0px !important;padding-top: 0px !important;padding-bottom: 0px !important;}&#8221;]JTNDaWZyYW1lJTIwc3JjJTNEJTIyaHR0cHMlM0ElMkYlMkZ3d3cuZ29vZ2xlLmNvbSUyRm1hcHMlMkZlbWJlZCUzRnBiJTNEJTIxMW0xOCUyMTFtMTIlMjExbTMlMjExZDMxMzQuNTkxMTc2MjkyODQ0NSUyMTJkMjYuODI4ODQ3MzE0NjU5ODQlMjEzZDM4LjIxOTM4NzE5NDIyODQ0NiUyMTJtMyUyMTFmMCUyMTJmMCUyMTNmMCUyMTNtMiUyMTFpMTAyNCUyMTJpNzY4JTIxNGYxMy4xJTIxM20zJTIxMW0yJTIxMXMweDAlMjUzQTB4ZGMyMWY3YzliMTFhMWIzZSUyMTJ6TXpqQ3NERXpKekE1TGpnaVRpQXlOc0t3TkRrbk5URXVOeUpGJTIxNWUwJTIxM20yJTIxMXN0ciUyMTJzdHIlMjE0djE2NTUyMzcwMzMwODUlMjE1bTIlMjExc3RyJTIxMnN0ciUyMiUyMHdpZHRoJTNEJTIyMTAwJTI1JTIyJTIwaGVpZ2h0JTNEJTIyNDUwJTIyJTIwc3R5bGUlM0QlMjJib3JkZXIlM0EwJTNCJTIyJTIwYWxsb3dmdWxsc2NyZWVuJTNEJTIyJTIyJTIwbG9hZGluZyUzRCUyMmxhenklMjIlMjByZWZlcnJlcnBvbGljeSUzRCUyMm5vLXJlZmVycmVyLXdoZW4tZG93bmdyYWRlJTIyJTNFJTNDJTJGaWZyYW1lJTNF[\/vc_raw_html][\/vc_column][\/vc_row]<\/p>\n","protected":false},"excerpt":{"rendered":"<p>[vc_row full_width=&#8221;stretch_row&#8221; add_bg_overlay=&#8221;yes&#8221; bg_overlay_color=&#8221;theme-colored1&#8243; bg_overlay_color_opacity=&#8221;5&#8243; bg_type=&#8221;image&#8221; parallax_style=&#8221;vcpb-default&#8221; bg_image_new=&#8221;id^20533|url^http:\/\/wp.kodesolution.live\/corporate\/business\/renovat\/demo\/wp-content\/uploads\/sites\/5\/2019\/09\/side-bg1.jpg|caption^null|alt^null|title^side-bg1|description^null&#8221; enable_overlay=&#8221;enable_overlay_value&#8221; overlay_color=&#8221;rgba(255,255,255,0.96)&#8221; paroller_image=&#8221;&#8221;][vc_column css=&#8221;.vc_custom_1552847049779{padding-top: 0px !important;}&#8221;][vc_row_inner el_class=&#8221;p-50 pt-70 pb-70 p-sm-20 pt-sm-40 pb-sm-40&#8230;<\/p>\n","protected":false},"author":1,"featured_media":0,"parent":0,"menu_order":0,"comment_status":"closed","ping_status":"closed","template":"","meta":{"_monsterinsights_skip_tracking":false,"_monsterinsights_sitenote_active":false,"_monsterinsights_sitenote_note":"","_monsterinsights_sitenote_category":0,"footnotes":""},"class_list":["post-490","page","type-page","status-publish","hentry"],"_links":{"self":[{"href":"https:\/\/han-yapi.com\/index.php\/wp-json\/wp\/v2\/pages\/490","targetHints":{"allow":["GET"]}}],"collection":[{"href":"https:\/\/han-yapi.com\/index.php\/wp-json\/wp\/v2\/pages"}],"about":[{"href":"https:\/\/han-yapi.com\/index.php\/wp-json\/wp\/v2\/types\/page"}],"author":[{"embeddable":true,"href":"https:\/\/han-yapi.com\/index.php\/wp-json\/wp\/v2\/users\/1"}],"replies":[{"embeddable":true,"href":"https:\/\/han-yapi.com\/index.php\/wp-json\/wp\/v2\/comments?post=490"}],"version-history":[{"count":7,"href":"https:\/\/han-yapi.com\/index.php\/wp-json\/wp\/v2\/pages\/490\/revisions"}],"predecessor-version":[{"id":21931,"href":"https:\/\/han-yapi.com\/index.php\/wp-json\/wp\/v2\/pages\/490\/revisions\/21931"}],"wp:attachment":[{"href":"https:\/\/han-yapi.com\/index.php\/wp-json\/wp\/v2\/media?parent=490"}],"curies":[{"name":"wp","href":"https:\/\/api.w.org\/{rel}","templated":true}]}}